{"id":129,"date":"2019-04-22T13:31:23","date_gmt":"2019-04-22T13:31:23","guid":{"rendered":"http:\/\/okthemes.com\/sarasdemo\/?page_id=129"},"modified":"2022-01-10T17:42:45","modified_gmt":"2022-01-10T16:42:45","slug":"contact","status":"publish","type":"page","link":"https:\/\/thierryhoury.com\/en\/contact\/","title":{"rendered":"Contact"},"content":{"rendered":"<div class=\"wpb-content-wrapper\"><div class=\"vc_row wpb_row vc_row-fluid vc_custom_1557831430984\"><div class=\"wpb_column vc_column_container vc_col-sm-12\"><div class=\"vc_column-inner\"><div class=\"wpb_wrapper\"><div class=\"vc_row wpb_row vc_inner vc_row-fluid vc_custom_1558709413512 vc_row-has-fill\"><div class=\"wpb_column vc_column_container vc_col-sm-4\"><div class=\"vc_column-inner\"><div class=\"wpb_wrapper\"><div class=\"vc_icon_element vc_icon_element-outer vc_custom_1557998009021 vc_do_icon vc_icon_element-align-center\"><div class=\"vc_icon_element-inner vc_icon_element-color-white vc_icon_element-size-md vc_icon_element-style- vc_icon_element-background-color-grey\" ><span class=\"vc_icon_element-icon fa fa-map-marker\" ><\/span><\/div><\/div>\n\t<div class=\"gg-infobox  text-align-center vc_custom_1641827676776\" >\n\t\t<div class=\"infobox-title\" >Adress<\/div>\n\t\t<div class=\"infobox-description\" style=\"color: #ffffff;\"><p>4 Rue du Clos<br \/>\n51150 Ambonnay<br \/>\n<a href=\"#map\">See the map<\/a><\/p>\n<\/div>\n\t<\/div> <\/div><\/div><\/div><div class=\"wpb_column vc_column_container vc_col-sm-4\"><div class=\"vc_column-inner\"><div class=\"wpb_wrapper\"><div class=\"vc_icon_element vc_icon_element-outer vc_custom_1557998012459 vc_do_icon vc_icon_element-align-center\"><div class=\"vc_icon_element-inner vc_icon_element-color-white vc_icon_element-size-md vc_icon_element-style- vc_icon_element-background-color-grey\" ><span class=\"vc_icon_element-icon fa fa-phone\" ><\/span><\/div><\/div>\n\t<div class=\"gg-infobox  text-align-center vc_custom_1641827520444\" >\n\t\t<div class=\"infobox-title\" >Phone<\/div>\n\t\t<div class=\"infobox-description\" style=\"color: #ffffff;\"><p>+33 (0)3 26 57 82 96<\/p>\n<\/div>\n\t<\/div> <\/div><\/div><\/div><div class=\"wpb_column vc_column_container vc_col-sm-4\"><div class=\"vc_column-inner\"><div class=\"wpb_wrapper\"><div class=\"vc_icon_element vc_icon_element-outer vc_custom_1557998017163 vc_do_icon vc_icon_element-align-center\"><div class=\"vc_icon_element-inner vc_icon_element-color-white vc_icon_element-size-md vc_icon_element-style- vc_icon_element-background-color-grey\" ><span class=\"vc_icon_element-icon fa fa-envelope-open-o\" ><\/span><\/div><\/div>\n\t<div class=\"gg-infobox  text-align-center vc_custom_1641829437008\" >\n\t\t<div class=\"infobox-title\" >Subscribe to our newsletter<\/div>\n\t\t<div class=\"infobox-description\" style=\"color: #ffffff;\"><p>To be notified of future news<br \/>\n<a href=\"#\">Subscribe<\/a><\/p>\n<\/div>\n\t<\/div> <\/div><\/div><\/div><\/div><\/div><\/div><\/div><\/div><div class=\"vc_row wpb_row vc_row-fluid vc_custom_1557917786113 vc_row-has-fill\"><div class=\"wpb_column vc_column_container vc_col-sm-12\"><div class=\"vc_column-inner\"><div class=\"wpb_wrapper\">\n\t<div class=\"title-subtitle-box  vc_custom_1641485216656\" style=\" text-align: center;\">\n\t\t<h2 style=\" font-style: normal;\" class=\"special-title\" >\n\t\t<span style=\"\">A querry, a question<\/span>Contact Us<\/h2>\n\t\t<span class=\"gg-horizontal-line\"  ><\/span>\n\t<\/div> <div class=\"vc_row wpb_row vc_inner vc_row-fluid vc_custom_1559125794045\"><div class=\"wpb_column vc_column_container vc_col-sm-2\"><div class=\"vc_column-inner\"><div class=\"wpb_wrapper\"><\/div><\/div><\/div><div class=\"wpb_column vc_column_container vc_col-sm-8\"><div class=\"vc_column-inner\"><div class=\"wpb_wrapper\">\n<div class=\"wpcf7 no-js\" id=\"wpcf7-f5-o1\" lang=\"en-US\" dir=\"ltr\" data-wpcf7-id=\"5\">\n<div class=\"screen-reader-response\"><p role=\"status\" aria-live=\"polite\" aria-atomic=\"true\"><\/p> <ul><\/ul><\/div>\n<form action=\"\/en\/wp-json\/wp\/v2\/pages\/129#wpcf7-f5-o1\" method=\"post\" class=\"wpcf7-form init\" aria-label=\"Contact form\" novalidate=\"novalidate\" data-status=\"init\" data-trp-original-action=\"\/en\/wp-json\/wp\/v2\/pages\/129#wpcf7-f5-o1\">\n<fieldset class=\"hidden-fields-container\"><input type=\"hidden\" name=\"_wpcf7\" value=\"5\" \/><input type=\"hidden\" name=\"_wpcf7_version\" value=\"6.1.3\" \/><input type=\"hidden\" name=\"_wpcf7_locale\" value=\"en_US\" \/><input type=\"hidden\" name=\"_wpcf7_unit_tag\" value=\"wpcf7-f5-o1\" \/><input type=\"hidden\" name=\"_wpcf7_container_post\" value=\"0\" \/><input type=\"hidden\" name=\"_wpcf7_posted_data_hash\" value=\"\" \/>\n<\/fieldset>\n<p><label> Your Name (required)<br \/>\n<span class=\"wpcf7-form-control-wrap\" data-name=\"your-name\"><input size=\"40\" maxlength=\"400\" class=\"wpcf7-form-control wpcf7-text wpcf7-validates-as-required\" aria-required=\"true\" aria-invalid=\"false\" value=\"\" type=\"text\" name=\"your-name\" \/><\/span> <\/label>\n<\/p>\n<p><label> Your e-mail (required)<br \/>\n<span class=\"wpcf7-form-control-wrap\" data-name=\"your-email\"><input size=\"40\" maxlength=\"400\" class=\"wpcf7-form-control wpcf7-email wpcf7-validates-as-required wpcf7-text wpcf7-validates-as-email\" aria-required=\"true\" aria-invalid=\"false\" value=\"\" type=\"email\" name=\"your-email\" \/><\/span> <\/label>\n<\/p>\n<p><label> Subject<br \/>\n<span class=\"wpcf7-form-control-wrap\" data-name=\"your-subject\"><input size=\"40\" maxlength=\"400\" class=\"wpcf7-form-control wpcf7-text\" aria-invalid=\"false\" value=\"\" type=\"text\" name=\"your-subject\" \/><\/span> <\/label>\n<\/p>\n<p><label> Your message<br \/>\n<span class=\"wpcf7-form-control-wrap\" data-name=\"your-message\"><textarea cols=\"40\" rows=\"10\" maxlength=\"2000\" class=\"wpcf7-form-control wpcf7-textarea\" aria-invalid=\"false\" name=\"your-message\"><\/textarea><\/span> <\/label>\n<\/p>\n<p><span class=\"wpcf7-form-control-wrap\" data-name=\"checkbox-577\"><span class=\"wpcf7-form-control wpcf7-checkbox wpcf7-validates-as-required\"><span class=\"wpcf7-list-item first last\"><input type=\"checkbox\" name=\"checkbox-577[]\" value=\"J&#039;ai lu et j&#039;accepte les Termes et Conditions\" \/><span class=\"wpcf7-list-item-label\">I have read and accept the Terms and Conditions<\/span><\/span><\/span><\/span>\n<\/p>\n<p><input class=\"wpcf7-form-control wpcf7-submit has-spinner\" type=\"submit\" value=\"Send\" \/>\n<\/p><p style=\"display: none !important;\" class=\"akismet-fields-container\" data-prefix=\"_wpcf7_ak_\"><label>&#916;<textarea name=\"_wpcf7_ak_hp_textarea\" cols=\"45\" rows=\"8\" maxlength=\"100\"><\/textarea><\/label><input type=\"hidden\" id=\"ak_js_1\" name=\"_wpcf7_ak_js\" value=\"166\"\/><script>document.getElementById( \"ak_js_1\" ).setAttribute( \"value\", ( new Date() ).getTime() );<\/script><\/p><div class=\"wpcf7-response-output\" aria-hidden=\"true\"><\/div>\n<input type=\"hidden\" name=\"trp-form-language\" value=\"en\"\/><\/form>\n<\/div>\n<\/div><\/div><\/div><div class=\"wpb_column vc_column_container vc_col-sm-2\"><div class=\"vc_column-inner\"><div class=\"wpb_wrapper\"><\/div><\/div><\/div><\/div><\/div><\/div><\/div><\/div><div data-vc-full-width=\"true\" data-vc-full-width-temp=\"true\" data-vc-full-width-init=\"false\" data-vc-stretch-content=\"true\" class=\"vc_row wpb_row vc_row-fluid vc_row-no-padding\"><div class=\"wpb_column vc_column_container vc_col-sm-12\"><div class=\"vc_column-inner\"><div class=\"wpb_wrapper\"><div class=\"wpb_gmaps_widget wpb_content_element vc_custom_1641827731382 black-and-white-filter\" id=\"map\"><div class=\"wpb_wrapper\"><div class=\"wpb_map_wraper\"><iframe src=\"https:\/\/www.google.com\/maps\/embed?pb=!1m18!1m12!1m3!1d480.1300668470911!2d4.169890349234716!3d49.07856876436152!2m3!1f0!2f0!3f0!3m2!1i1024!2i768!4f13.1!3m3!1m2!1s0x47e965a4a2514433%3A0x9b932a86cfa1ecc0!2sHoury%20Thierry!5e0!3m2!1sfr!2sfr!4v1641486353081!5m2!1sfr!2sfr\" width=\"600\" height=\"450\" style=\"border:0;\" allowfullscreen=\"\" loading=\"lazy\"><\/iframe><\/div><\/div><\/div><\/div><\/div><\/div><\/div><div class=\"vc_row-full-width vc_clearfix\"><\/div>\n<\/div>","protected":false},"excerpt":{"rendered":"Adresse 4 Rue du Clos 51150 Ambonnay Voir la carte T\u00e9l\u00e9phone +33 (0)3 26 57 82 96 Rejoindre notre newsletter Pour \u00eatre pr\u00e9venu des futurs nouveaut\u00e9s Inscription Une demande, une questionNous contacter Votre Nom (requis) Votre e-mail (requis) Sujet Votre message J&#039;ai lu et j&#039;accepte les Termes et Conditions &#916;","protected":false},"author":1,"featured_media":0,"parent":0,"menu_order":0,"comment_status":"closed","ping_status":"closed","template":"","meta":{"footnotes":""},"class_list":["post-129","page","type-page","status-publish","hentry"],"yoast_head":"<!-- This site is optimized with the Yoast SEO plugin v26.4 - https:\/\/yoast.com\/wordpress\/plugins\/seo\/ -->\n<title>Contact - Champagne Thierry Houry Ambonnay<\/title>\n<meta name=\"robots\" content=\"noindex, follow\" \/>\n<meta property=\"og:locale\" content=\"en_GB\" \/>\n<meta property=\"og:type\" content=\"article\" \/>\n<meta property=\"og:title\" content=\"Contact - Champagne Thierry Houry Ambonnay\" \/>\n<meta property=\"og:url\" content=\"https:\/\/thierryhoury.com\/en\/contact\/\" \/>\n<meta property=\"og:site_name\" content=\"Champagne Thierry Houry Ambonnay\" \/>\n<meta property=\"article:modified_time\" content=\"2022-01-10T16:42:45+00:00\" \/>\n<meta name=\"twitter:card\" content=\"summary_large_image\" \/>\n<meta name=\"twitter:label1\" content=\"Estimated reading time\" \/>\n\t<meta name=\"twitter:data1\" content=\"2 minutes\" \/>\n<script type=\"application\/ld+json\" class=\"yoast-schema-graph\">{\"@context\":\"https:\/\/schema.org\",\"@graph\":[{\"@type\":\"WebPage\",\"@id\":\"https:\/\/thierryhoury.com\/contact\/\",\"url\":\"https:\/\/thierryhoury.com\/contact\/\",\"name\":\"Contact - Champagne Thierry Houry Ambonnay\",\"isPartOf\":{\"@id\":\"https:\/\/thierryhoury.com\/#website\"},\"datePublished\":\"2019-04-22T13:31:23+00:00\",\"dateModified\":\"2022-01-10T16:42:45+00:00\",\"breadcrumb\":{\"@id\":\"https:\/\/thierryhoury.com\/contact\/#breadcrumb\"},\"inLanguage\":\"en-GB\",\"potentialAction\":[{\"@type\":\"ReadAction\",\"target\":[\"https:\/\/thierryhoury.com\/contact\/\"]}]},{\"@type\":\"BreadcrumbList\",\"@id\":\"https:\/\/thierryhoury.com\/contact\/#breadcrumb\",\"itemListElement\":[{\"@type\":\"ListItem\",\"position\":1,\"name\":\"Accueil\",\"item\":\"https:\/\/thierryhoury.com\/\"},{\"@type\":\"ListItem\",\"position\":2,\"name\":\"Contact\"}]},{\"@type\":\"WebSite\",\"@id\":\"https:\/\/thierryhoury.com\/#website\",\"url\":\"https:\/\/thierryhoury.com\/\",\"name\":\"Champagne Thierry Houry Ambonnay\",\"description\":\"\",\"publisher\":{\"@id\":\"https:\/\/thierryhoury.com\/#organization\"},\"potentialAction\":[{\"@type\":\"SearchAction\",\"target\":{\"@type\":\"EntryPoint\",\"urlTemplate\":\"https:\/\/thierryhoury.com\/?s={search_term_string}\"},\"query-input\":{\"@type\":\"PropertyValueSpecification\",\"valueRequired\":true,\"valueName\":\"search_term_string\"}}],\"inLanguage\":\"en-GB\"},{\"@type\":\"Organization\",\"@id\":\"https:\/\/thierryhoury.com\/#organization\",\"name\":\"Champagne Thierry Houry Ambonnay\",\"url\":\"https:\/\/thierryhoury.com\/\",\"logo\":{\"@type\":\"ImageObject\",\"inLanguage\":\"en-GB\",\"@id\":\"https:\/\/thierryhoury.com\/#\/schema\/logo\/image\/\",\"url\":\"https:\/\/thierryhoury.com\/wp-content\/uploads\/2022\/02\/thierryhouryv2-1.png\",\"contentUrl\":\"https:\/\/thierryhoury.com\/wp-content\/uploads\/2022\/02\/thierryhouryv2-1.png\",\"width\":397,\"height\":250,\"caption\":\"Champagne Thierry Houry Ambonnay\"},\"image\":{\"@id\":\"https:\/\/thierryhoury.com\/#\/schema\/logo\/image\/\"}}]}<\/script>\n<!-- \/ Yoast SEO plugin. -->","yoast_head_json":{"title":"Contact - Champagne Thierry Houry Ambonnay","robots":{"index":"noindex","follow":"follow"},"og_locale":"en_GB","og_type":"article","og_title":"Contact - Champagne Thierry Houry Ambonnay","og_url":"https:\/\/thierryhoury.com\/en\/contact\/","og_site_name":"Champagne Thierry Houry Ambonnay","article_modified_time":"2022-01-10T16:42:45+00:00","twitter_card":"summary_large_image","twitter_misc":{"Estimated reading time":"2 minutes"},"schema":{"@context":"https:\/\/schema.org","@graph":[{"@type":"WebPage","@id":"https:\/\/thierryhoury.com\/contact\/","url":"https:\/\/thierryhoury.com\/contact\/","name":"Contact - Champagne Thierry Houry Ambonnay","isPartOf":{"@id":"https:\/\/thierryhoury.com\/#website"},"datePublished":"2019-04-22T13:31:23+00:00","dateModified":"2022-01-10T16:42:45+00:00","breadcrumb":{"@id":"https:\/\/thierryhoury.com\/contact\/#breadcrumb"},"inLanguage":"en-GB","potentialAction":[{"@type":"ReadAction","target":["https:\/\/thierryhoury.com\/contact\/"]}]},{"@type":"BreadcrumbList","@id":"https:\/\/thierryhoury.com\/contact\/#breadcrumb","itemListElement":[{"@type":"ListItem","position":1,"name":"Accueil","item":"https:\/\/thierryhoury.com\/"},{"@type":"ListItem","position":2,"name":"Contact"}]},{"@type":"WebSite","@id":"https:\/\/thierryhoury.com\/#website","url":"https:\/\/thierryhoury.com\/","name":"Champagne Thierry Houry Ambonnay","description":"","publisher":{"@id":"https:\/\/thierryhoury.com\/#organization"},"potentialAction":[{"@type":"SearchAction","target":{"@type":"EntryPoint","urlTemplate":"https:\/\/thierryhoury.com\/?s={search_term_string}"},"query-input":{"@type":"PropertyValueSpecification","valueRequired":true,"valueName":"search_term_string"}}],"inLanguage":"en-GB"},{"@type":"Organization","@id":"https:\/\/thierryhoury.com\/#organization","name":"Champagne Thierry Houry Ambonnay","url":"https:\/\/thierryhoury.com\/","logo":{"@type":"ImageObject","inLanguage":"en-GB","@id":"https:\/\/thierryhoury.com\/#\/schema\/logo\/image\/","url":"https:\/\/thierryhoury.com\/wp-content\/uploads\/2022\/02\/thierryhouryv2-1.png","contentUrl":"https:\/\/thierryhoury.com\/wp-content\/uploads\/2022\/02\/thierryhouryv2-1.png","width":397,"height":250,"caption":"Champagne Thierry Houry Ambonnay"},"image":{"@id":"https:\/\/thierryhoury.com\/#\/schema\/logo\/image\/"}}]}},"_links":{"self":[{"href":"https:\/\/thierryhoury.com\/en\/wp-json\/wp\/v2\/pages\/129","targetHints":{"allow":["GET"]}}],"collection":[{"href":"https:\/\/thierryhoury.com\/en\/wp-json\/wp\/v2\/pages"}],"about":[{"href":"https:\/\/thierryhoury.com\/en\/wp-json\/wp\/v2\/types\/page"}],"author":[{"embeddable":true,"href":"https:\/\/thierryhoury.com\/en\/wp-json\/wp\/v2\/users\/1"}],"replies":[{"embeddable":true,"href":"https:\/\/thierryhoury.com\/en\/wp-json\/wp\/v2\/comments?post=129"}],"version-history":[{"count":31,"href":"https:\/\/thierryhoury.com\/en\/wp-json\/wp\/v2\/pages\/129\/revisions"}],"predecessor-version":[{"id":4168,"href":"https:\/\/thierryhoury.com\/en\/wp-json\/wp\/v2\/pages\/129\/revisions\/4168"}],"wp:attachment":[{"href":"https:\/\/thierryhoury.com\/en\/wp-json\/wp\/v2\/media?parent=129"}],"curies":[{"name":"wp","href":"https:\/\/api.w.org\/{rel}","templated":true}]}}