{"id":139,"date":"2019-04-23T11:46:03","date_gmt":"2019-04-23T09:46:03","guid":{"rendered":"http:\/\/okthemes.com\/sarasdemo\/?page_id=139"},"modified":"2025-11-03T15:48:54","modified_gmt":"2025-11-03T14:48:54","slug":"homepage","status":"publish","type":"page","link":"https:\/\/thierryhoury.com\/en\/","title":{"rendered":"Home"},"content":{"rendered":"<div class=\"wpb-content-wrapper\"><div data-vc-full-width=\"true\" data-vc-full-width-temp=\"true\" data-vc-full-width-init=\"false\" class=\"vc_row wpb_row vc_row-fluid vc_custom_1761833322702 vc_row-has-fill\"><div class=\"wpb_animate_when_almost_visible wpb_fadeInUpBig fadeInUpBig wpb_column vc_column_container vc_col-sm-12\"><div class=\"vc_column-inner\"><div class=\"wpb_wrapper\"><div class=\"vc_row wpb_row vc_inner vc_row-fluid vc_custom_1556093058576 vc_row-o-equal-height vc_row-o-content-middle vc_row-flex\"><div class=\"wpb_column vc_column_container vc_col-sm-6\"><div class=\"vc_column-inner\"><div class=\"wpb_wrapper\">\n\t<div  class=\"wpb_single_image wpb_content_element vc_align_left wpb_content_element vc_custom_1606496316963\">\n\t\t\n\t\t<figure class=\"wpb_wrapper vc_figure\">\n\t\t\t<div class=\"vc_single_image-wrapper   vc_box_border_grey\"><img loading=\"lazy\" decoding=\"async\" width=\"600\" height=\"715\" src=\"https:\/\/thierryhoury.com\/wp-content\/uploads\/2020\/11\/thierry-alexis.jpg\" class=\"vc_single_image-img attachment-full\" alt=\"\" title=\"thierry-alexis\" srcset=\"https:\/\/thierryhoury.com\/wp-content\/uploads\/2020\/11\/thierry-alexis.jpg 600w, https:\/\/thierryhoury.com\/wp-content\/uploads\/2020\/11\/thierry-alexis-252x300.jpg 252w\" sizes=\"auto, (max-width: 600px) 100vw, 600px\" \/><\/div>\n\t\t<\/figure>\n\t<\/div>\n<\/div><\/div><\/div><div class=\"wpb_column vc_column_container vc_col-sm-6 vc_col-has-fill\"><div class=\"vc_column-inner vc_custom_1556093129663\"><div class=\"wpb_wrapper\">\n\t<div class=\"title-subtitle-box\" style=\" text-align: left;\">\n\t\t<h1 style=\" font-style: normal;\" class=\"special-title\" >\n\t\t<span style=\"\">Passion &amp; Terroir<\/span>Serving the Vine<\/h1>\n\t\t<span class=\"gg-horizontal-line\"  ><\/span>\n\t\t<div class=\"box-description\"><p style=\"text-align: left;\">Located on the Grand Cru terroir of Ambonnay, the Thierry Houry Champagne estate has been perpetuating a sincere love of the land and a great respect for tradition for several generations. This family heritage is the hallmark of the unique style of our vintages, which is expressed today by the intensity of our Pinot Noirs and the finesse of our Chardonnays.<\/p>\n<\/div><div class=\"gg-special-button-wrapper  special-button-align-left special-button-style-btn-primary\"><a class=\"btn btn-primary\" href=\"#\" title=\"Read more\" target=\"_self\">Read more<\/a><\/div>\n\t<\/div> <\/div><\/div><\/div><div class=\"wpb_column vc_column_container vc_col-sm-12\"><div class=\"vc_column-inner vc_custom_1641305981369\"><div class=\"wpb_wrapper\">\n\t<div  class=\"wpb_single_image wpb_content_element vc_align_center wpb_content_element wpb_animate_when_almost_visible wpb_fadeInUp fadeInUp\">\n\t\t\n\t\t<figure class=\"wpb_wrapper vc_figure\">\n\t\t\t<div class=\"vc_single_image-wrapper   vc_box_border_grey\"><img decoding=\"async\" class=\"vc_single_image-img\" src=\"https:\/\/thierryhoury.com\/wp-content\/uploads\/2022\/01\/cles-saint-pierre-blanc-100x117.png\" width=\"100\" height=\"117\" alt=\"cles-saint-pierre-blanc\" title=\"cles-saint-pierre-blanc\" loading=\"lazy\" \/><\/div>\n\t\t<\/figure>\n\t<\/div>\n<\/div><\/div><\/div><\/div>\n\t<div class=\"title-subtitle-box  wpb_animate_when_almost_visible wpb_fadeInUp fadeInUp vc_custom_1641305972596\" style=\" text-align: center;\">\n\t\t<h4 style=\" color:#ffffff;  font-style: normal;\" class=\"special-title\" >A family passion for the terroir, for the production of the quintessential champagne.<\/h4>\n\t<\/div> <\/div><\/div><\/div><\/div><div class=\"vc_row-full-width vc_clearfix\"><\/div><div data-vc-full-width=\"true\" data-vc-full-width-temp=\"true\" data-vc-full-width-init=\"false\" class=\"vc_row wpb_row vc_row-fluid gradient vc_custom_1762181333389 vc_row-has-fill\"><div class=\"wpb_animate_when_almost_visible wpb_fadeInUpBig fadeInUpBig wpb_column vc_column_container vc_col-sm-12\"><div class=\"vc_column-inner\"><div class=\"wpb_wrapper\"><div class=\"vc_row wpb_row vc_inner vc_row-fluid\"><div class=\"wpb_column vc_column_container vc_col-sm-3\"><div class=\"vc_column-inner\"><div class=\"wpb_wrapper\"><\/div><\/div><\/div><div class=\"wpb_column vc_column_container vc_col-sm-6\"><div class=\"vc_column-inner\"><div class=\"wpb_wrapper\">\n\t<div class=\"title-subtitle-box  vc_custom_1606946181107\" style=\" text-align: center;\">\n\t\t<h1 style=\" color:#ffffff;  font-style: normal;\" class=\"special-title\" >\n\t\t<span style=\" color:#e5e5e5; \">Discover<\/span>Our Champagnes<\/h1>\n\t\t<span class=\"gg-horizontal-line\"  ><\/span>\n\t<\/div> <\/div><\/div><\/div><div class=\"wpb_column vc_column_container vc_col-sm-3\"><div class=\"vc_column-inner\"><div class=\"wpb_wrapper\"><\/div><\/div><\/div><\/div>\n\t<div class=\"product-presentation linonone\">\n\t\t<div class=\"swiper-container product-presentation-container\" data-uid=\"swiper-1965113301\"  >\n\t\t\t<div class=\"swiper-wrapper\"><div class=\"swiper-slide swiper-no-swiping\" data-title=\" Brut Id\u00e9al\"\"><div class=\"presentation-box product-pres-img\"> <img decoding=\"async\" class=\"wp-post-image\" src=\"https:\/\/thierryhoury.com\/wp-content\/uploads\/2025\/11\/brut-ideal-web.jpg\" alt=\"Brut Id\u00e9al\" \/> <\/div><div class=\"presentation-box product-pres-data\"><h4>Brut Id\u00e9al<\/h4><ul class=\"product-pres-data-list\"><li><span>Description<\/span>The Brut Id\u00e9al reflects the style of our house, between power and delicacy. It bears witness to our know-how over the years. \nThe dominant Chardonnay reveals the finesse, while the Pinot Noir reveals the character of the C\u00f4te des Grands Noirs.<\/li><li><span>Tasting<\/span>The Brut Id\u00e9al will prove to be perfect for every moment of tasting.<\/li><li><span>C\u00e9pages Grand Cru<\/span>Blend of Chardonnay and Pinot Noir<\/li><\/ul><\/div><\/div><div class=\"swiper-slide swiper-no-swiping\" data-title=\" Brut Ros\u00e9\"\"><div class=\"presentation-box product-pres-img\"> <img decoding=\"async\" class=\"wp-post-image\" src=\"https:\/\/thierryhoury.com\/wp-content\/uploads\/2025\/11\/brut-rose-web.jpg\" alt=\"Brut Ros\u00e9\" \/> <\/div><div class=\"presentation-box product-pres-data\"><h4>Brut Ros\u00e9<\/h4><ul class=\"product-pres-data-list\"><li><span>Description<\/span>The Cuv\u00e9e Brut Ros\u00e9 retains all the amplitude of expression of the Brut Id\u00e9al, with the addition of a slight touch of Pinot Noir, revealing a radiant pale pink colour.<\/li><li><span>Tasting<\/span>The Brut Ros\u00e9 reveals subtle and gourmet aromas of small red fruits and citrus zest.<\/li><li><span>C\u00e9pages Grand Cru<\/span>Blend of Chardonnay and Pinot Noir, approximately 30% reserve wine<\/li><\/ul><\/div><\/div><div class=\"swiper-slide swiper-no-swiping\" data-title=\" Blanc de Noirs\"\"><div class=\"presentation-box product-pres-img\"> <img decoding=\"async\" class=\"wp-post-image\" src=\"https:\/\/thierryhoury.com\/wp-content\/uploads\/2025\/11\/blanc-de-noirs-web.jpg\" alt=\"Blanc de Noirs\" \/> <\/div><div class=\"presentation-box product-pres-data\"><h4>Blanc de Noirs<\/h4><ul class=\"product-pres-data-list\"><li><span>Description<\/span>The Blanc de Noirs cuv\u00e9e perfectly reveals the expression of a terroir through a grape variety. The hilly soils of the Ambonnay hillsides offer optimal conditions for the Pinot Noir to flourish.<\/li><li><span>Tasting<\/span>The Pinot Noir expresses all its typicality by offering greedy wines with notes ranging from brioche to forest fruits.<\/li><li><span>C\u00e9pages Grand Cru<\/span>Pinot Noir of which approximately 40% is reserve wine<\/li><\/ul><\/div><\/div><div class=\"swiper-slide swiper-no-swiping\" data-title=\" Blanc de Blancs\"\"><div class=\"presentation-box product-pres-img\"> <img decoding=\"async\" class=\"wp-post-image\" src=\"https:\/\/thierryhoury.com\/wp-content\/uploads\/2025\/11\/blanc-de-blancs-web.jpg\" alt=\"Blanc de Blancs\" \/> <\/div><div class=\"presentation-box product-pres-data\"><h4>Blanc de Blancs<\/h4><ul class=\"product-pres-data-list\"><li><span>Description<\/span>Our Blanc de Blancs shows the originality of our estate through a\na resolutely singular cuv\u00e9e. This cuv\u00e9e is made exclusively from Chardonnay from the \"C\u00f4te des Noirs\" and is the result of a subtle balance between the minerality and the richness of our plots. This alliance allows us to achieve the elegance characteristic of the Grands Chardonnay style.<\/li><li><span>C\u00e9pages Grand Cru<\/span>100 % Chardonnay of which at least 40 % is reserve wine<\/li><\/ul><\/div><\/div><div class=\"swiper-slide swiper-no-swiping\" data-title=\" Cuv\u00e9e Prestige\"\"><div class=\"presentation-box product-pres-img\"> <img decoding=\"async\" class=\"wp-post-image\" src=\"https:\/\/thierryhoury.com\/wp-content\/uploads\/2025\/11\/cuvee-prestige-web.jpg\" alt=\"Cuv\u00e9e Prestige\" \/> <\/div><div class=\"presentation-box product-pres-data\"><h4>Cuv\u00e9e Prestige<\/h4><ul class=\"product-pres-data-list\"><li><span>Description<\/span>Located in the Grand Cru of Ambonnay, our Thierry Houry estate has been perpetuating a sincere love of the terroir and a great respect for tradition for several generations. The Cuv\u00e9e Prestige is the expression of our vision over the years. \nEach vintage reveals its own particular characteristics, and our obsession with offering the quintessence of our wines leads us to a meticulous selection of each plot of land that is suitable for ageing.\nTrue invitations to share, our Champagnes will reveal themselves fully accompanied by the people you love.<\/li><li><span>C\u00e9pages Grand Cru<\/span>Blend of Chardonnay and Pinot Noir, 100% from reserve wines<\/li><\/ul><\/div><\/div><div class=\"swiper-slide swiper-no-swiping\" data-title=\" Baronette\"\"><div class=\"presentation-box product-pres-img\"> <img decoding=\"async\" class=\"wp-post-image\" src=\"https:\/\/thierryhoury.com\/wp-content\/uploads\/2025\/11\/baronette-web.jpg\" alt=\"Baronette\" \/> <\/div><div class=\"presentation-box product-pres-data\"><h4>Baronette<\/h4><ul class=\"product-pres-data-list\"><li><span>Description<\/span>The Baronette cuv\u00e9e is the result of the interpretation of a parcel through its terroir. This very hilly parcel, which culminates on the slopes of Ambonnay, lies on a soil dominated by limestone and reveals a great minerality of the Chardonnay. This extremely favourable geological and pedological situation brings finesse and tension to this cuv\u00e9e to reveal the quintessence of Chardonnay.<\/li><li><span>C\u00e9pages Grand Cru<\/span>Chardonnay - Parcellaire<\/li><\/ul><\/div><\/div>\n\t\t\t<\/div>\n\t\t<\/div><div class=\"presentation-pagination-container swiper-pagination-container\"><\/div>\n\t\t<div class=\"presentation-button-container swiper-nav-container\">\n\t\t<div id=\"btn-next-swiper-1965113301\" class=\"swiper-nav-next\"><svg id=\"swiper-arrow-right\" viewbox=\"0 0 50 12\" width=\"100%\" height=\"100%\"><path fill-rule=\"evenodd\" d=\"M48.078 6.096H.008v.966h48.07l-4.254 4.255.683.683 5.541-5.538L44.507.924l-.683.683z\"><\/path><\/svg><\/div>\n\t\t<div id=\"btn-prev-swiper-1965113301\" class=\"swiper-nav-prev\"><svg id=\"swiper-arrow-left\" viewbox=\"0 0 50 12\" width=\"100%\" height=\"100%\"><path fill-rule=\"evenodd\" d=\"M1.922 5.904h48.07v-.966H1.922L6.176.683 5.493 0-.048 5.538l5.541 5.538.683-.683z\"><\/path><\/svg><\/div>\n\t\t<\/div>\n\t<\/div><\/div><\/div><\/div><\/div><div class=\"vc_row-full-width vc_clearfix\"><\/div><div data-vc-full-width=\"true\" data-vc-full-width-temp=\"true\" data-vc-full-width-init=\"false\" class=\"vc_row wpb_row vc_row-fluid no-overflow vc_custom_1761833376509 vc_row-has-fill\"><div class=\"wpb_animate_when_almost_visible wpb_fadeInUpBig fadeInUpBig wpb_column vc_column_container vc_col-sm-12\"><div class=\"vc_column-inner\"><div class=\"wpb_wrapper\"><div class=\"vc_row wpb_row vc_inner vc_row-fluid\"><div class=\"wpb_column vc_column_container vc_col-sm-6 vc_col-has-fill\"><div class=\"vc_column-inner vc_custom_1641482079043\"><div class=\"wpb_wrapper\">\n\t<div class=\"title-subtitle-box\" style=\" text-align: left;\">\n\t\t<h3 style=\" font-style: normal;\" class=\"special-title\" >\n\t\t<span style=\"\">Ambonnay<\/span>The Estate<\/h3>\n\t\t<div class=\"box-description\"><p>Located in the heart of the Montagne de Reims, Ambonnay is one of the terroirs of the C\u00f4te des Grands Noirs to claim the \"Grand Cru\" appellation. We have been working with passion on this exceptional terroir for several generations with the sole aim of revealing the quintessence of our mosaic of parcels.<\/p>\n<\/div>\n\t<\/div> \n\t<div class=\"title-subtitle-box  vc_custom_1606924627741\" style=\" text-align: left;\">\n\t\t<h3 style=\" font-style: normal;\" class=\"special-title\" >The Plots<\/h3>\n\t\t<div class=\"box-description\"><p>Each parcel has its own unique characteristics. The perfect exposure of the \"Termes Bazin\" parcel allows us to obtain a great richness for our Chardonnay while the extremely chalky soil of the \"Baronnette\" is full of great minerality. The intensity of the Pinot Noir is typical of our \"Chanteraine\" or \"Moulin\" plots.<\/p>\n<p>We take particular care with each of our plots, working in an environmentally friendly manner. We limit our interventions to a minimum, which we carry out exclusively with light tools to avoid soil compaction.<\/p>\n<\/div>\n\t<\/div> <\/div><\/div><\/div><div class=\"wpb_column vc_column_container vc_col-sm-6\"><div class=\"vc_column-inner vc_custom_1606928863105\"><div class=\"wpb_wrapper\">\n\t<div class=\"featured-image-box  left normal  vc_custom_1606501457443\">\n\t\t<figure class=\"\">\n\t\t\t<div class=\"image-wrapper\">\n\t\t\t<img loading=\"lazy\" decoding=\"async\" width=\"583\" height=\"827\" src=\"https:\/\/thierryhoury.com\/wp-content\/uploads\/2020\/11\/carte1.jpg\" class=\"vc_single_image-img attachment-full\" alt=\"\" title=\"carte1\" srcset=\"https:\/\/thierryhoury.com\/wp-content\/uploads\/2020\/11\/carte1.jpg 583w, https:\/\/thierryhoury.com\/wp-content\/uploads\/2020\/11\/carte1-211x300.jpg 211w\" sizes=\"auto, (max-width: 583px) 100vw, 583px\" \/>\n\t\t\t<\/div>\n\t\t<\/figure>\n\t<\/div> <\/div><\/div><\/div><\/div><\/div><\/div><\/div><\/div><div class=\"vc_row-full-width vc_clearfix\"><\/div><div data-vc-full-width=\"true\" data-vc-full-width-temp=\"true\" data-vc-full-width-init=\"false\" class=\"vc_row wpb_row vc_row-fluid vc_custom_1761833405065 vc_row-has-fill\"><div class=\"wpb_animate_when_almost_visible wpb_fadeInUpBig fadeInUpBig wpb_column vc_column_container vc_col-sm-12\"><div class=\"vc_column-inner\"><div class=\"wpb_wrapper\"><div class=\"vc_row wpb_row vc_inner vc_row-fluid vc_row-o-equal-height vc_row-o-content-middle vc_row-flex\"><div class=\"wpb_column vc_column_container vc_col-sm-6\"><div class=\"vc_column-inner vc_custom_1556104916691\"><div class=\"wpb_wrapper\">\n\t<div  class=\"wpb_single_image wpb_content_element vc_align_left wpb_content_element vc_custom_1606511494198\">\n\t\t\n\t\t<figure class=\"wpb_wrapper vc_figure\">\n\t\t\t<div class=\"vc_single_image-wrapper   vc_box_border_grey\"><img loading=\"lazy\" decoding=\"async\" width=\"600\" height=\"715\" src=\"https:\/\/thierryhoury.com\/wp-content\/uploads\/2020\/11\/ambonnay-1.jpg\" class=\"vc_single_image-img attachment-full\" alt=\"\" title=\"ambonnay\" srcset=\"https:\/\/thierryhoury.com\/wp-content\/uploads\/2020\/11\/ambonnay-1.jpg 600w, https:\/\/thierryhoury.com\/wp-content\/uploads\/2020\/11\/ambonnay-1-252x300.jpg 252w\" sizes=\"auto, (max-width: 600px) 100vw, 600px\" \/><\/div>\n\t\t<\/figure>\n\t<\/div>\n<\/div><\/div><\/div><div class=\"wpb_column vc_column_container vc_col-sm-6 vc_col-has-fill\"><div class=\"vc_column-inner vc_custom_1641482140568\"><div class=\"wpb_wrapper\">\n\t<div class=\"title-subtitle-box\" style=\" text-align: left;\">\n\t\t<h1 style=\" font-style: normal;\" class=\"special-title\" >\n\t\t<span style=\"\">The municipality<\/span>Ambonnay<\/h1>\n\t\t<span class=\"gg-horizontal-line\"  ><\/span>\n\t\t<div class=\"box-description\"><p>The commune has three monuments listed or classified as historical monuments. The church of Saint-R\u00e9ol dates from the 12th and 13th centuries. It houses a Renaissance baptismal font from 1550 and a stone statue of Saint John the Baptist from the 16th century, which are also listed.<\/p>\n<p>Other sights in the village include a fountain dating from 1853, built by the architect Tortat at the crossroads of the Bouzy and Tr\u00e9pail roads, and a stone cross dating from 1582. The village was once surrounded by moats and ramparts dating back to King Henry IV, a great lover of the Champagne region and its wines. The names of all the streets and alleys in Ambonnay are indicated on the walls of the houses in wrought iron.<\/p>\n<\/div>\n\t<\/div> <\/div><\/div><\/div><\/div>\n\t<div  class=\"wpb_single_image wpb_content_element vc_align_center wpb_content_element wpb_animate_when_almost_visible wpb_fadeInUp fadeInUp vc_custom_1641306228176\">\n\t\t\n\t\t<figure class=\"wpb_wrapper vc_figure\">\n\t\t\t<div class=\"vc_single_image-wrapper   vc_box_border_grey\"><img decoding=\"async\" class=\"vc_single_image-img\" src=\"https:\/\/thierryhoury.com\/wp-content\/uploads\/2022\/01\/cles-saint-pierre-blanc-100x117.png\" width=\"100\" height=\"117\" alt=\"cles-saint-pierre-blanc\" title=\"cles-saint-pierre-blanc\" loading=\"lazy\" \/><\/div>\n\t\t<\/figure>\n\t<\/div>\n\n\t<div class=\"title-subtitle-box  wpb_animate_when_almost_visible wpb_fadeInUp fadeInUp\" style=\" text-align: center;\">\n\t\t<h2 style=\" color:#ffffff;  font-style: normal;\" class=\"special-title\" >The best champagnes are the ones you drink with the people you love.<\/h2>\n\t<\/div> <\/div><\/div><\/div><\/div><div class=\"vc_row-full-width vc_clearfix\"><\/div>\n<\/div>","protected":false},"excerpt":{"rendered":"Passion &amp; TerroirAu Service de la Vigne Situ\u00e9 sur le terroir Grand Cru d\u2019Ambonnay, le domaine du Champagne Thierry Houry perp\u00e9tue depuis plusieurs g\u00e9n\u00e9rations un amour sinc\u00e8re du terroir et un grand respect de la tradition. Cet h\u00e9ritage familial signe le style singulier de nos cuv\u00e9es qui s\u2019exprime aujourd\u2019hui par l\u2019intensit\u00e9 de nos Pinots Noirs<p class=\"more-link-wrapper\"><a class=\"btn btn-primary\" href=\"https:\/\/thierryhoury.com\/en\/\">Read More<\/a><\/p>","protected":false},"author":1,"featured_media":0,"parent":0,"menu_order":0,"comment_status":"closed","ping_status":"closed","template":"","meta":{"footnotes":""},"class_list":["post-139","page","type-page","status-publish","hentry"],"yoast_head":"<!-- This site is optimized with the Yoast SEO plugin v26.4 - https:\/\/yoast.com\/wordpress\/plugins\/seo\/ -->\n<title>Accueil - Champagne Thierry Houry Ambonnay<\/title>\n<meta name=\"robots\" content=\"noindex, follow\" \/>\n<meta property=\"og:locale\" content=\"en_GB\" \/>\n<meta property=\"og:type\" content=\"article\" \/>\n<meta property=\"og:title\" content=\"Accueil - Champagne Thierry Houry Ambonnay\" \/>\n<meta property=\"og:url\" content=\"https:\/\/thierryhoury.com\/en\/\" \/>\n<meta property=\"og:site_name\" content=\"Champagne Thierry Houry Ambonnay\" \/>\n<meta property=\"article:modified_time\" content=\"2025-11-03T14:48:54+00:00\" \/>\n<meta name=\"twitter:card\" content=\"summary_large_image\" \/>\n<meta name=\"twitter:label1\" content=\"Estimated reading time\" \/>\n\t<meta name=\"twitter:data1\" content=\"17 minutes\" \/>\n<script type=\"application\/ld+json\" class=\"yoast-schema-graph\">{\"@context\":\"https:\/\/schema.org\",\"@graph\":[{\"@type\":\"WebPage\",\"@id\":\"https:\/\/thierryhoury.com\/\",\"url\":\"https:\/\/thierryhoury.com\/\",\"name\":\"Accueil - Champagne Thierry Houry Ambonnay\",\"isPartOf\":{\"@id\":\"https:\/\/thierryhoury.com\/#website\"},\"datePublished\":\"2019-04-23T09:46:03+00:00\",\"dateModified\":\"2025-11-03T14:48:54+00:00\",\"breadcrumb\":{\"@id\":\"https:\/\/thierryhoury.com\/#breadcrumb\"},\"inLanguage\":\"en-GB\",\"potentialAction\":[{\"@type\":\"ReadAction\",\"target\":[\"https:\/\/thierryhoury.com\/\"]}]},{\"@type\":\"BreadcrumbList\",\"@id\":\"https:\/\/thierryhoury.com\/#breadcrumb\",\"itemListElement\":[{\"@type\":\"ListItem\",\"position\":1,\"name\":\"Accueil\",\"item\":\"https:\/\/thierryhoury.com\/\"},{\"@type\":\"ListItem\",\"position\":2,\"name\":\"Accueil\"}]},{\"@type\":\"WebSite\",\"@id\":\"https:\/\/thierryhoury.com\/#website\",\"url\":\"https:\/\/thierryhoury.com\/\",\"name\":\"Champagne Thierry Houry Ambonnay\",\"description\":\"\",\"publisher\":{\"@id\":\"https:\/\/thierryhoury.com\/#organization\"},\"potentialAction\":[{\"@type\":\"SearchAction\",\"target\":{\"@type\":\"EntryPoint\",\"urlTemplate\":\"https:\/\/thierryhoury.com\/?s={search_term_string}\"},\"query-input\":{\"@type\":\"PropertyValueSpecification\",\"valueRequired\":true,\"valueName\":\"search_term_string\"}}],\"inLanguage\":\"en-GB\"},{\"@type\":\"Organization\",\"@id\":\"https:\/\/thierryhoury.com\/#organization\",\"name\":\"Champagne Thierry Houry Ambonnay\",\"url\":\"https:\/\/thierryhoury.com\/\",\"logo\":{\"@type\":\"ImageObject\",\"inLanguage\":\"en-GB\",\"@id\":\"https:\/\/thierryhoury.com\/#\/schema\/logo\/image\/\",\"url\":\"https:\/\/thierryhoury.com\/wp-content\/uploads\/2022\/02\/thierryhouryv2-1.png\",\"contentUrl\":\"https:\/\/thierryhoury.com\/wp-content\/uploads\/2022\/02\/thierryhouryv2-1.png\",\"width\":397,\"height\":250,\"caption\":\"Champagne Thierry Houry Ambonnay\"},\"image\":{\"@id\":\"https:\/\/thierryhoury.com\/#\/schema\/logo\/image\/\"}}]}<\/script>\n<!-- \/ Yoast SEO plugin. -->","yoast_head_json":{"title":"Accueil - Champagne Thierry Houry Ambonnay","robots":{"index":"noindex","follow":"follow"},"og_locale":"en_GB","og_type":"article","og_title":"Accueil - Champagne Thierry Houry Ambonnay","og_url":"https:\/\/thierryhoury.com\/en\/","og_site_name":"Champagne Thierry Houry Ambonnay","article_modified_time":"2025-11-03T14:48:54+00:00","twitter_card":"summary_large_image","twitter_misc":{"Estimated reading time":"17 minutes"},"schema":{"@context":"https:\/\/schema.org","@graph":[{"@type":"WebPage","@id":"https:\/\/thierryhoury.com\/","url":"https:\/\/thierryhoury.com\/","name":"Accueil - Champagne Thierry Houry Ambonnay","isPartOf":{"@id":"https:\/\/thierryhoury.com\/#website"},"datePublished":"2019-04-23T09:46:03+00:00","dateModified":"2025-11-03T14:48:54+00:00","breadcrumb":{"@id":"https:\/\/thierryhoury.com\/#breadcrumb"},"inLanguage":"en-GB","potentialAction":[{"@type":"ReadAction","target":["https:\/\/thierryhoury.com\/"]}]},{"@type":"BreadcrumbList","@id":"https:\/\/thierryhoury.com\/#breadcrumb","itemListElement":[{"@type":"ListItem","position":1,"name":"Accueil","item":"https:\/\/thierryhoury.com\/"},{"@type":"ListItem","position":2,"name":"Accueil"}]},{"@type":"WebSite","@id":"https:\/\/thierryhoury.com\/#website","url":"https:\/\/thierryhoury.com\/","name":"Champagne Thierry Houry Ambonnay","description":"","publisher":{"@id":"https:\/\/thierryhoury.com\/#organization"},"potentialAction":[{"@type":"SearchAction","target":{"@type":"EntryPoint","urlTemplate":"https:\/\/thierryhoury.com\/?s={search_term_string}"},"query-input":{"@type":"PropertyValueSpecification","valueRequired":true,"valueName":"search_term_string"}}],"inLanguage":"en-GB"},{"@type":"Organization","@id":"https:\/\/thierryhoury.com\/#organization","name":"Champagne Thierry Houry Ambonnay","url":"https:\/\/thierryhoury.com\/","logo":{"@type":"ImageObject","inLanguage":"en-GB","@id":"https:\/\/thierryhoury.com\/#\/schema\/logo\/image\/","url":"https:\/\/thierryhoury.com\/wp-content\/uploads\/2022\/02\/thierryhouryv2-1.png","contentUrl":"https:\/\/thierryhoury.com\/wp-content\/uploads\/2022\/02\/thierryhouryv2-1.png","width":397,"height":250,"caption":"Champagne Thierry Houry Ambonnay"},"image":{"@id":"https:\/\/thierryhoury.com\/#\/schema\/logo\/image\/"}}]}},"_links":{"self":[{"href":"https:\/\/thierryhoury.com\/en\/wp-json\/wp\/v2\/pages\/139","targetHints":{"allow":["GET"]}}],"collection":[{"href":"https:\/\/thierryhoury.com\/en\/wp-json\/wp\/v2\/pages"}],"about":[{"href":"https:\/\/thierryhoury.com\/en\/wp-json\/wp\/v2\/types\/page"}],"author":[{"embeddable":true,"href":"https:\/\/thierryhoury.com\/en\/wp-json\/wp\/v2\/users\/1"}],"replies":[{"embeddable":true,"href":"https:\/\/thierryhoury.com\/en\/wp-json\/wp\/v2\/comments?post=139"}],"version-history":[{"count":181,"href":"https:\/\/thierryhoury.com\/en\/wp-json\/wp\/v2\/pages\/139\/revisions"}],"predecessor-version":[{"id":4289,"href":"https:\/\/thierryhoury.com\/en\/wp-json\/wp\/v2\/pages\/139\/revisions\/4289"}],"wp:attachment":[{"href":"https:\/\/thierryhoury.com\/en\/wp-json\/wp\/v2\/media?parent=139"}],"curies":[{"name":"wp","href":"https:\/\/api.w.org\/{rel}","templated":true}]}}